{"id":218,"date":"2025-04-05T02:00:11","date_gmt":"2025-04-05T02:00:11","guid":{"rendered":"https:\/\/todossomosmigrantes.org\/carnaval\/?page_id=218"},"modified":"2025-04-05T02:27:52","modified_gmt":"2025-04-05T02:27:52","slug":"patrocinador","status":"publish","type":"page","link":"https:\/\/todossomosmigrantes.org\/carnaval\/patrocinador\/","title":{"rendered":"Patrocinador"},"content":{"rendered":"\t\t<div data-elementor-type=\"wp-page\" data-elementor-id=\"218\" class=\"elementor elementor-218\" data-elementor-post-type=\"page\">\n\t\t\t\t<div class=\"elementor-element elementor-element-a7c781a e-flex e-con-boxed e-con e-parent\" data-id=\"a7c781a\" data-element_type=\"container\">\n\t\t\t\t\t<div class=\"e-con-inner\">\n\t\t\t\t<div class=\"elementor-element elementor-element-74ac531 elementor-widget elementor-widget-heading\" data-id=\"74ac531\" data-element_type=\"widget\" data-widget_type=\"heading.default\">\n\t\t\t\t<div class=\"elementor-widget-container\">\n\t\t\t\t\t<h2 class=\"elementor-heading-title elementor-size-default\">Presente<\/h2>\t\t\t\t<\/div>\n\t\t\t\t<\/div>\n\t\t\t\t<div class=\"elementor-element elementor-element-c415a2d elementor-widget elementor-widget-text-editor\" data-id=\"c415a2d\" data-element_type=\"widget\" data-widget_type=\"text-editor.default\">\n\t\t\t\t<div class=\"elementor-widget-container\">\n\t\t\t\t\t\t\t\t\t<p>Con el gusto de saludarlo y por medio de esta, invitarlo a participar como patrocinador en nuestro Evento Cultural, Carnaval San Diego con Coraz\u00f3n Morelense que llevara a cabo nuestra organizaci\u00f3n si fines de lucro Todos Somos Migrantes,\u00a0 este\u00a0 pr\u00f3ximo,19 de julio del 2025 en, 373 Park Way, Chula Vista, \u00a0Ca. 91910 (Memorial Park) de 11:00am a 8:00pm y contar\u00e1 con la presencia del consul en San Diego de M\u00e9xico la Sra Alicia Kerber Palma y con el<br \/>Mayor de chula vista John MCcann.<br \/>Tambi\u00e9n contaremos con la presencia de la bandas originarias del estado de Morelos M\u00e9xico las bandas han realizado intensas actividades de difusi\u00f3n participando en foros diplom\u00e1ticos, congresos,museos, universidades, programas de cine y televisi\u00f3n en varios estados de la rep\u00fablica mexicana e internacionales.<\/p><p>Morelos es uno de los estados mexicanos que tiene un mayor n\u00famero de migrantes que viven en los Estados Unidos, con m\u00e1s de 250 mil Morelenses que se ubican principalmente en los Estados de California, Chicago,\u00a0 Minneapolis y New York.<\/p><p><strong>Nuestra Visi\u00f3n<\/strong><\/p><p>Valorar y preservar las tradiciones culturales asociadas a las artesan\u00edas, lo que contribuye a la identidad cultural de los migrantes de morelenses, creando espacios que destaquen la autenticidad y calidad de los productos artesanales, contribuyendo con esto a la generaci\u00f3n de los ingresos familiares\u00a0<\/p><p>Nuestra misi\u00f3n\u00a0<\/p><p>Nuestra organizaci\u00f3n se fund\u00f3 con el prop\u00f3sito de apoyar a las familias de bajos recursos en nuestra comunidad. Desde entonces, hemos trabajado arduamente para brindarles apoyo y mejorar su calidad de vida. En t\u00e9rminos espec\u00edficos, nuestros programas y actividades incluyen:<\/p><ul><li>\u2060Distribuci\u00f3n de m\u00e1s de 350 despensas por semana a familias necesitadas<\/li><li>Organizaci\u00f3n de eventos para las familias, como celebraciones en Navidad donde damos juguetes a los ni\u00f1os en San Diego y Tijuana<\/li><li>festejamos el dia de las madres as\u00ed como el D\u00eda del padre<\/li><li>apoyamos a los adultos mayores con sus necesidades b\u00e1sicas.<\/li><li>Reunificaciones familiares, ayudando a nuestros paisanos a reunirse con sus seres queridos de M\u00e9xico tramitando las visas de visitantes<\/li><li>visas de emergencias<\/li><\/ul><p>Nuestro objetivo es ser una fuente de apoyo y esperanza para aquellos que lo necesitan m\u00e1s, y trabajar hacia una comunidad m\u00e1s unida y solidaria con su patrocinio\u00a0 nos ayudar\u00eda a seguir cumpliendo nuestro sue\u00f1o de apoyar\u00a0 a nuestra comunidad para mas informes comun\u00edquese conmigo al <a href=\"http:\/\/+016198646193\" data-wplink-url-error=\"true\">619 8646193<\/a> o visite nuestra pagina <a href=\"http:\/\/www.todossomosmigrantes.org\">www.todossomosmigrantes.org<\/a><\/p>\t\t\t\t\t\t\t\t<\/div>\n\t\t\t\t<\/div>\n\t\t\t\t<div class=\"elementor-element elementor-element-35d7d7d elementor-widget elementor-widget-heading\" data-id=\"35d7d7d\" data-element_type=\"widget\" data-widget_type=\"heading.default\">\n\t\t\t\t<div class=\"elementor-widget-container\">\n\t\t\t\t\t<h2 class=\"elementor-heading-title elementor-size-default\">Primer paquete $4,000.00 d\u00f3lares.<\/h2>\t\t\t\t<\/div>\n\t\t\t\t<\/div>\n\t\t\t\t<div class=\"elementor-element elementor-element-0d1c736 elementor-widget elementor-widget-text-editor\" data-id=\"0d1c736\" data-element_type=\"widget\" data-widget_type=\"text-editor.default\">\n\t\t\t\t<div class=\"elementor-widget-container\">\n\t\t\t\t\t\t\t\t\t<ol><li class=\"p1\"><span class=\"s1\">Ser\u00e1 destacado en todos nuestros materiales promocionales, incluyendo lona de patrocinadores, folletos, redes sociales desde el momento que den el patrocinio y hasta el d\u00eda del evento.<\/span><\/li><li class=\"p1\"><span class=\"s1\">Visibilidad a su logotipo en 5 ocasiones en nuestras pantallas y cambios de presentaciones.<\/span><\/li><li class=\"p1\"><span class=\"s1\">Se le otorgar\u00e1n 5 minutos en el escenario para que proyecte su negocio, as\u00ed como,<\/span><\/li><li class=\"p1\"><span class=\"s1\">Aasignaci\u00f3n de un booth para la venta o promoci\u00f3n de su producto.<\/span><\/li><\/ol>\t\t\t\t\t\t\t\t<\/div>\n\t\t\t\t<\/div>\n\t\t\t\t<div class=\"elementor-element elementor-element-a6f8c99 elementor-widget elementor-widget-heading\" data-id=\"a6f8c99\" data-element_type=\"widget\" data-widget_type=\"heading.default\">\n\t\t\t\t<div class=\"elementor-widget-container\">\n\t\t\t\t\t<h2 class=\"elementor-heading-title elementor-size-default\">Segundo paquete $3,000.00 d\u00f3lares.<\/h2>\t\t\t\t<\/div>\n\t\t\t\t<\/div>\n\t\t\t\t<div class=\"elementor-element elementor-element-ea61a6c elementor-widget elementor-widget-text-editor\" data-id=\"ea61a6c\" data-element_type=\"widget\" data-widget_type=\"text-editor.default\">\n\t\t\t\t<div class=\"elementor-widget-container\">\n\t\t\t\t\t\t\t\t\t<ol><li class=\"p1\"><p class=\"p1\"><span class=\"s1\">Ser\u00e1 destacado en todos nuestros materiales promocionales, incluyendo lona de patrocinadores, folletos, redes sociales, desde el momento que den el patrocinio y hasta el d\u00eda del evento.<\/span><\/p><\/li><li class=\"p1\"><p class=\"p1\"><span class=\"s1\">Visibilidad a su logotipo en 4 ocasiones en nuestras pantallas y se publicitar\u00e1 3 veces en el escenario durante el evento.<\/span><\/p><\/li><li class=\"p1\"><p class=\"p1\"><span class=\"s1\">Se le otorgar\u00e1n 3 minutos en el escenario para que proyecte su negocio, as\u00ed como,<\/span><\/p><\/li><li class=\"p1\"><p class=\"p1\"><span class=\"s1\">Asignaci\u00f3n de un booth para la venta o promoci\u00f3n de su producto<\/span><\/p><\/li><\/ol>\t\t\t\t\t\t\t\t<\/div>\n\t\t\t\t<\/div>\n\t\t\t\t<div class=\"elementor-element elementor-element-5992074 elementor-widget elementor-widget-heading\" data-id=\"5992074\" data-element_type=\"widget\" data-widget_type=\"heading.default\">\n\t\t\t\t<div class=\"elementor-widget-container\">\n\t\t\t\t\t<h2 class=\"elementor-heading-title elementor-size-default\">Tercer paquete $2,000.00 d\u00f3lares<\/h2>\t\t\t\t<\/div>\n\t\t\t\t<\/div>\n\t\t\t\t<div class=\"elementor-element elementor-element-779da4a elementor-widget elementor-widget-text-editor\" data-id=\"779da4a\" data-element_type=\"widget\" data-widget_type=\"text-editor.default\">\n\t\t\t\t<div class=\"elementor-widget-container\">\n\t\t\t\t\t\t\t\t\t<ol><li class=\"p1\"><span class=\"s1\">Ser\u00e1 har\u00e1 menci\u00f3n de su patrocinio en nuestras redes sociales desde el momento que den el patrocinio y hasta el d\u00eda del evento.<\/span><\/li><li class=\"p1\"><span class=\"s1\">Visibilidad a su logotipo en 2 ocasiones en nuestras pantallas, as\u00ed como,<\/span><\/li><li class=\"p1\"><span class=\"s1\">Asignaci\u00f3n de un booth para la venta o promoci\u00f3n de su producto<\/span><\/li><\/ol>\t\t\t\t\t\t\t\t<\/div>\n\t\t\t\t<\/div>\n\t\t\t\t<div class=\"elementor-element elementor-element-7b53e8c elementor-widget elementor-widget-text-editor\" data-id=\"7b53e8c\" data-element_type=\"widget\" data-widget_type=\"text-editor.default\">\n\t\t\t\t<div class=\"elementor-widget-container\">\n\t\t\t\t\t\t\t\t\t<p class=\"p1\"><span class=\"s1\">Atentamente\u00a0<\/span><\/p><p class=\"p1\"><span class=\"s1\"><strong>Ignacio Almonte<\/strong><br \/>Presidente<\/span><\/p>\t\t\t\t\t\t\t\t<\/div>\n\t\t\t\t<\/div>\n\t\t\t\t\t<\/div>\n\t\t\t\t<\/div>\n\t\t<div class=\"elementor-element elementor-element-13a80270 e-flex e-con-boxed elementor-invisible e-con e-parent\" data-id=\"13a80270\" data-element_type=\"container\" data-settings=\"{&quot;animation&quot;:&quot;slideInUp&quot;}\">\n\t\t\t\t\t<div class=\"e-con-inner\">\n\t\t<div class=\"elementor-element elementor-element-57e06c75 e-con-full e-flex e-con e-child\" data-id=\"57e06c75\" data-element_type=\"container\" data-settings=\"{&quot;background_background&quot;:&quot;classic&quot;}\">\n\t\t\t\t<div class=\"elementor-element elementor-element-76219eaf elementor-widget elementor-widget-heading\" data-id=\"76219eaf\" data-element_type=\"widget\" id=\"vende\" data-widget_type=\"heading.default\">\n\t\t\t\t<div class=\"elementor-widget-container\">\n\t\t\t\t\t<h2 class=\"elementor-heading-title elementor-size-default\">Se un Patrocinador<\/h2>\t\t\t\t<\/div>\n\t\t\t\t<\/div>\n\t\t\t\t<div class=\"elementor-element elementor-element-1255df23 elementor-button-align-stretch elementor-widget elementor-widget-form\" data-id=\"1255df23\" data-element_type=\"widget\" data-settings=\"{&quot;step_next_label&quot;:&quot;Next&quot;,&quot;step_previous_label&quot;:&quot;Previous&quot;,&quot;button_width&quot;:&quot;100&quot;,&quot;step_type&quot;:&quot;number_text&quot;,&quot;step_icon_shape&quot;:&quot;circle&quot;}\" data-widget_type=\"form.default\">\n\t\t\t\t<div class=\"elementor-widget-container\">\n\t\t\t\t\t\t\t<form class=\"elementor-form\" method=\"post\" name=\"Patrocinador\">\n\t\t\t<input type=\"hidden\" name=\"post_id\" value=\"218\"\/>\n\t\t\t<input type=\"hidden\" name=\"form_id\" value=\"1255df23\"\/>\n\t\t\t<input type=\"hidden\" name=\"referer_title\" value=\"Patrocinador\" \/>\n\n\t\t\t\t\t\t\t<input type=\"hidden\" name=\"queried_id\" value=\"218\"\/>\n\t\t\t\n\t\t\t<div class=\"elementor-form-fields-wrapper elementor-labels-above\">\n\t\t\t\t\t\t\t\t<div class=\"elementor-field-type-text elementor-field-group elementor-column elementor-field-group-name elementor-col-100\">\n\t\t\t\t\t\t\t\t\t\t\t\t\t<input size=\"1\" type=\"text\" name=\"form_fields[name]\" id=\"form-field-name\" class=\"elementor-field elementor-size-sm  elementor-field-textual\" placeholder=\"Nombre completo\">\n\t\t\t\t\t\t\t\t\t\t\t<\/div>\n\t\t\t\t\t\t\t\t<div class=\"elementor-field-type-email elementor-field-group elementor-column elementor-field-group-email elementor-col-100 elementor-field-required\">\n\t\t\t\t\t\t\t\t\t\t\t\t\t<input size=\"1\" type=\"email\" name=\"form_fields[email]\" id=\"form-field-email\" class=\"elementor-field elementor-size-sm  elementor-field-textual\" placeholder=\"Correo electr\u00f3nico\" required=\"required\">\n\t\t\t\t\t\t\t\t\t\t\t<\/div>\n\t\t\t\t\t\t\t\t<div class=\"elementor-field-type-text elementor-field-group elementor-column elementor-field-group-field_35624cb elementor-col-100\">\n\t\t\t\t\t\t\t\t\t\t\t\t\t<input size=\"1\" type=\"text\" name=\"form_fields[field_35624cb]\" id=\"form-field-field_35624cb\" class=\"elementor-field elementor-size-sm  elementor-field-textual\" placeholder=\"Nombre de tu negocio\">\n\t\t\t\t\t\t\t\t\t\t\t<\/div>\n\t\t\t\t\t\t\t\t<div class=\"elementor-field-type-tel elementor-field-group elementor-column elementor-field-group-field_a85b345 elementor-col-100\">\n\t\t\t\t\t\t\t<input size=\"1\" type=\"tel\" name=\"form_fields[field_a85b345]\" id=\"form-field-field_a85b345\" class=\"elementor-field elementor-size-sm  elementor-field-textual\" placeholder=\"Tel\u00e9fono\" pattern=\"[0-9()#&amp;+*-=.]+\" title=\"Only numbers and phone characters (#, -, *, etc) are accepted.\">\n\n\t\t\t\t\t\t<\/div>\n\t\t\t\t\t\t\t\t<div class=\"elementor-field-group elementor-column elementor-field-type-submit elementor-col-100 e-form__buttons\">\n\t\t\t\t\t<button class=\"elementor-button elementor-size-sm\" type=\"submit\">\n\t\t\t\t\t\t<span class=\"elementor-button-content-wrapper\">\n\t\t\t\t\t\t\t\t\t\t\t\t\t\t\t\t\t\t\t\t\t\t<span class=\"elementor-button-text\">ENVIAR PETICI\u00d3N<\/span>\n\t\t\t\t\t\t\t\t\t\t\t\t\t<\/span>\n\t\t\t\t\t<\/button>\n\t\t\t\t<\/div>\n\t\t\t<\/div>\n\t\t<\/form>\n\t\t\t\t\t\t<\/div>\n\t\t\t\t<\/div>\n\t\t\t\t<\/div>\n\t\t<div class=\"elementor-element elementor-element-b7d1aa4 e-con-full e-flex e-con e-child\" data-id=\"b7d1aa4\" data-element_type=\"container\">\n\t\t<div class=\"elementor-element elementor-element-2f8deea e-con-full e-flex e-con e-child\" data-id=\"2f8deea\" data-element_type=\"container\">\n\t\t\t\t<div class=\"elementor-element elementor-element-079063a elementor-widget elementor-widget-image\" data-id=\"079063a\" data-element_type=\"widget\" data-widget_type=\"image.default\">\n\t\t\t\t<div class=\"elementor-widget-container\">\n\t\t\t\t\t\t\t\t\t\t\t\t\t\t\t<img fetchpriority=\"high\" decoding=\"async\" width=\"374\" height=\"200\" src=\"https:\/\/todossomosmigrantes.org\/carnaval\/wp-content\/uploads\/2025\/04\/Patroci-001.jpg\" class=\"attachment-large size-large wp-image-60\" alt=\"\" srcset=\"https:\/\/todossomosmigrantes.org\/carnaval\/wp-content\/uploads\/2025\/04\/Patroci-001.jpg 374w, https:\/\/todossomosmigrantes.org\/carnaval\/wp-content\/uploads\/2025\/04\/Patroci-001-300x160.jpg 300w\" sizes=\"(max-width: 374px) 100vw, 374px\" \/>\t\t\t\t\t\t\t\t\t\t\t\t\t\t\t<\/div>\n\t\t\t\t<\/div>\n\t\t\t\t<\/div>\n\t\t<div class=\"elementor-element elementor-element-da3099e e-con-full e-flex e-con e-child\" data-id=\"da3099e\" data-element_type=\"container\">\n\t\t\t\t<div class=\"elementor-element elementor-element-581e733 elementor-widget elementor-widget-image\" data-id=\"581e733\" data-element_type=\"widget\" data-widget_type=\"image.default\">\n\t\t\t\t<div class=\"elementor-widget-container\">\n\t\t\t\t\t\t\t\t\t\t\t\t\t\t\t<img decoding=\"async\" width=\"374\" height=\"200\" src=\"https:\/\/todossomosmigrantes.org\/carnaval\/wp-content\/uploads\/2025\/04\/Patroci-002.jpg\" class=\"attachment-large size-large wp-image-61\" alt=\"\" srcset=\"https:\/\/todossomosmigrantes.org\/carnaval\/wp-content\/uploads\/2025\/04\/Patroci-002.jpg 374w, https:\/\/todossomosmigrantes.org\/carnaval\/wp-content\/uploads\/2025\/04\/Patroci-002-300x160.jpg 300w\" sizes=\"(max-width: 374px) 100vw, 374px\" \/>\t\t\t\t\t\t\t\t\t\t\t\t\t\t\t<\/div>\n\t\t\t\t<\/div>\n\t\t\t\t<\/div>\n\t\t<div class=\"elementor-element elementor-element-e85717e e-con-full e-flex e-con e-child\" data-id=\"e85717e\" data-element_type=\"container\">\n\t\t\t\t<div class=\"elementor-element elementor-element-e8eb81a elementor-widget elementor-widget-image\" data-id=\"e8eb81a\" data-element_type=\"widget\" data-widget_type=\"image.default\">\n\t\t\t\t<div class=\"elementor-widget-container\">\n\t\t\t\t\t\t\t\t\t\t\t\t\t\t\t\t<a href=\"https:\/\/creativeinfosd.com\/\" target=\"_blank\">\n\t\t\t\t\t\t\t<img decoding=\"async\" width=\"374\" height=\"200\" src=\"https:\/\/todossomosmigrantes.org\/carnaval\/wp-content\/uploads\/2025\/04\/Patroci-003.jpg\" class=\"attachment-large size-large wp-image-62\" alt=\"\" srcset=\"https:\/\/todossomosmigrantes.org\/carnaval\/wp-content\/uploads\/2025\/04\/Patroci-003.jpg 374w, https:\/\/todossomosmigrantes.org\/carnaval\/wp-content\/uploads\/2025\/04\/Patroci-003-300x160.jpg 300w\" sizes=\"(max-width: 374px) 100vw, 374px\" \/>\t\t\t\t\t\t\t\t<\/a>\n\t\t\t\t\t\t\t\t\t\t\t\t\t\t\t<\/div>\n\t\t\t\t<\/div>\n\t\t\t\t<\/div>\n\t\t\t\t<\/div>\n\t\t\t\t\t<\/div>\n\t\t\t\t<\/div>\n\t\t\t\t<\/div>\n\t\t","protected":false},"excerpt":{"rendered":"<p>Presente Con el gusto de saludarlo y por medio de esta, invitarlo a participar como patrocinador en nuestro Evento Cultural, Carnaval San Diego con Coraz\u00f3n Morelense que llevara a cabo nuestra organizaci\u00f3n si fines de lucro Todos Somos Migrantes,\u00a0 este\u00a0 pr\u00f3ximo,19 de julio del 2025 en, 373 Park Way, Chula Vista, \u00a0Ca. 91910 (Memorial Park) [&hellip;]<\/p>\n","protected":false},"author":1,"featured_media":0,"parent":0,"menu_order":0,"comment_status":"closed","ping_status":"closed","template":"elementor_canvas","meta":{"footnotes":""},"class_list":["post-218","page","type-page","status-publish","hentry"],"_links":{"self":[{"href":"https:\/\/todossomosmigrantes.org\/carnaval\/wp-json\/wp\/v2\/pages\/218","targetHints":{"allow":["GET"]}}],"collection":[{"href":"https:\/\/todossomosmigrantes.org\/carnaval\/wp-json\/wp\/v2\/pages"}],"about":[{"href":"https:\/\/todossomosmigrantes.org\/carnaval\/wp-json\/wp\/v2\/types\/page"}],"author":[{"embeddable":true,"href":"https:\/\/todossomosmigrantes.org\/carnaval\/wp-json\/wp\/v2\/users\/1"}],"replies":[{"embeddable":true,"href":"https:\/\/todossomosmigrantes.org\/carnaval\/wp-json\/wp\/v2\/comments?post=218"}],"version-history":[{"count":19,"href":"https:\/\/todossomosmigrantes.org\/carnaval\/wp-json\/wp\/v2\/pages\/218\/revisions"}],"predecessor-version":[{"id":248,"href":"https:\/\/todossomosmigrantes.org\/carnaval\/wp-json\/wp\/v2\/pages\/218\/revisions\/248"}],"wp:attachment":[{"href":"https:\/\/todossomosmigrantes.org\/carnaval\/wp-json\/wp\/v2\/media?parent=218"}],"curies":[{"name":"wp","href":"https:\/\/api.w.org\/{rel}","templated":true}]}}